{"id":2182,"date":"2026-01-24T16:49:09","date_gmt":"2026-01-24T16:49:09","guid":{"rendered":"https:\/\/cityreport.info\/?page_id=2182"},"modified":"2026-01-24T17:00:20","modified_gmt":"2026-01-24T17:00:20","slug":"accesso-android","status":"publish","type":"page","link":"https:\/\/cityreport.info\/it\/accesso-android\/","title":{"rendered":"Accesso Android a City Report"},"content":{"rendered":"\t\t<div data-elementor-type=\"wp-page\" data-elementor-id=\"2182\" class=\"elementor elementor-2182\" data-elementor-post-type=\"page\">\n\t\t\t\t<div class=\"elementor-element elementor-element-c6c17a7 e-flex e-con-boxed e-con e-parent\" data-id=\"c6c17a7\" data-element_type=\"container\" data-e-type=\"container\" data-settings=\"{&quot;background_background&quot;:&quot;classic&quot;}\">\n\t\t\t\t\t<div class=\"e-con-inner\">\n\t\t<div class=\"elementor-element elementor-element-fb1d57f e-con-full e-flex e-con e-child\" data-id=\"fb1d57f\" data-element_type=\"container\" data-e-type=\"container\">\n\t\t<div class=\"elementor-element elementor-element-14f9da5 e-con-full e-flex e-con e-child\" data-id=\"14f9da5\" data-element_type=\"container\" data-e-type=\"container\">\n\t\t<div class=\"elementor-element elementor-element-005c7dd e-con-full e-flex e-con e-child\" data-id=\"005c7dd\" data-element_type=\"container\" data-e-type=\"container\">\n\t\t\t\t<div class=\"elementor-element elementor-element-9da6bb1 elementor-widget elementor-widget-heading\" data-id=\"9da6bb1\" data-element_type=\"widget\" data-e-type=\"widget\" data-widget_type=\"heading.default\">\n\t\t\t\t<div class=\"elementor-widget-container\">\n\t\t\t\t\t<h6 class=\"elementor-heading-title elementor-size-default\">aspettiamo te!<\/h6>\t\t\t\t<\/div>\n\t\t\t\t<\/div>\n\t\t\t\t<div class=\"elementor-element elementor-element-6a23cbe elementor-widget elementor-widget-heading\" data-id=\"6a23cbe\" data-element_type=\"widget\" data-e-type=\"widget\" data-widget_type=\"heading.default\">\n\t\t\t\t<div class=\"elementor-widget-container\">\n\t\t\t\t\t<h2 class=\"elementor-heading-title elementor-size-default\">Accesso Android a City Report<\/h2>\t\t\t\t<\/div>\n\t\t\t\t<\/div>\n\t\t<div class=\"elementor-element elementor-element-5c88c72 e-con-full e-flex e-con e-child\" data-id=\"5c88c72\" data-element_type=\"container\" data-e-type=\"container\">\n\t\t\t\t<div class=\"elementor-element elementor-element-f6112e0 elementor-widget elementor-widget-text-editor\" data-id=\"f6112e0\" data-element_type=\"widget\" data-e-type=\"widget\" data-widget_type=\"text-editor.default\">\n\t\t\t\t<div class=\"elementor-widget-container\">\n\t\t\t\t\t\t\t\t\t<p data-start=\"584\" data-end=\"699\">Stiamo abilitando l\u2019accesso all\u2019app Android in modo progressivo e graduale, per garantire qualit\u00e0 e affidabilit\u00e0 del servizio.<\/p><p data-start=\"726\" data-end=\"809\"><strong data-start=\"726\" data-end=\"741\">City Report<\/strong> \u00e8 un servizio gratuito e indipendente che permette ai cittadini di:<\/p><ul data-start=\"810\" data-end=\"1022\"><li data-start=\"810\" data-end=\"884\"><p data-start=\"812\" data-end=\"884\">inviare segnalazioni ai Comuni nel modo corretto e senza complicazioni<\/p><\/li><li data-start=\"885\" data-end=\"939\"><p data-start=\"887\" data-end=\"939\">sapere se una segnalazione \u00e8 stata presa in carico<\/p><\/li><li data-start=\"940\" data-end=\"1022\"><p data-start=\"942\" data-end=\"1022\">condividere facilmente la segnalazione sui social, senza perdere tracciabilit\u00e0<\/p><\/li><\/ul><h4 data-start=\"1201\" data-end=\"1236\">Come funziona l\u2019accesso Android<\/h4><p data-start=\"1238\" data-end=\"1287\">L\u2019accesso all\u2019app Android avviene in questo modo:<\/p><ol data-start=\"1289\" data-end=\"1463\"><li data-start=\"1289\" data-end=\"1322\"><p data-start=\"1292\" data-end=\"1322\">lasci il tuo indirizzo email<\/p><\/li><li data-start=\"1323\" data-end=\"1386\"><p data-start=\"1326\" data-end=\"1386\">la tua richiesta viene inserita nella lista di attivazione<\/p><\/li><li data-start=\"1387\" data-end=\"1463\"><p data-start=\"1390\" data-end=\"1463\">non appena autorizzato, riceverai via email il link per scaricare l\u2019app<\/p><\/li><\/ol><p data-start=\"1465\" data-end=\"1574\">L\u2019abilitazione avviene <strong data-start=\"1488\" data-end=\"1513\">in ordine progressivo<\/strong>, per garantire stabilit\u00e0 e un\u2019esperienza corretta per tutti.<\/p>\t\t\t\t\t\t\t\t<\/div>\n\t\t\t\t<\/div>\n\t\t\t\t<\/div>\n\t\t<div class=\"elementor-element elementor-element-5af43a5 e-con-full e-flex e-con e-child\" data-id=\"5af43a5\" data-element_type=\"container\" data-e-type=\"container\">\n\t\t\t\t<div class=\"elementor-element elementor-element-22ba17f elementor-widget elementor-widget-heading\" data-id=\"22ba17f\" data-element_type=\"widget\" data-e-type=\"widget\" data-widget_type=\"heading.default\">\n\t\t\t\t<div class=\"elementor-widget-container\">\n\t\t\t\t\t<h4 class=\"elementor-heading-title elementor-size-default\">Richiedi l'accesso all'app<\/h4>\t\t\t\t<\/div>\n\t\t\t\t<\/div>\n\t\t\t\t<div class=\"elementor-element elementor-element-15aa834 elementor-button-align-stretch elementor-widget elementor-widget-form\" data-id=\"15aa834\" data-element_type=\"widget\" data-e-type=\"widget\" data-settings=\"{&quot;step_next_label&quot;:&quot;Next&quot;,&quot;step_previous_label&quot;:&quot;Previous&quot;,&quot;button_width&quot;:&quot;100&quot;,&quot;step_type&quot;:&quot;number_text&quot;,&quot;step_icon_shape&quot;:&quot;circle&quot;}\" data-widget_type=\"form.default\">\n\t\t\t\t<div class=\"elementor-widget-container\">\n\t\t\t\t\t\t\t<form class=\"elementor-form\" method=\"post\" name=\"iscrizione android\" aria-label=\"iscrizione android\">\n\t\t\t<input type=\"hidden\" name=\"post_id\" value=\"2182\"\/>\n\t\t\t<input type=\"hidden\" name=\"form_id\" value=\"15aa834\"\/>\n\t\t\t<input type=\"hidden\" name=\"referer_title\" value=\"\" \/>\n\n\t\t\t\n\t\t\t<div class=\"elementor-form-fields-wrapper elementor-labels-above\">\n\t\t\t\t\t\t\t\t<div class=\"elementor-field-type-email elementor-field-group elementor-column elementor-field-group-field_c6c6580 elementor-col-100 elementor-field-required\">\n\t\t\t\t\t\t\t\t\t\t\t\t<label for=\"form-field-field_c6c6580\" class=\"elementor-field-label\">\n\t\t\t\t\t\t\t\tInserisci qui l\u2019indirizzo email associato al tuo dispositivo Android (Sar\u00e0 utilizzato solo per l\u2019invio del link di accesso all\u2019app)\t\t\t\t\t\t\t<\/label>\n\t\t\t\t\t\t\t\t\t\t\t\t\t\t<input size=\"1\" type=\"email\" name=\"form_fields[field_c6c6580]\" id=\"form-field-field_c6c6580\" class=\"elementor-field elementor-size-sm  elementor-field-textual\" placeholder=\"Email\" required=\"required\">\n\t\t\t\t\t\t\t\t\t\t\t<\/div>\n\t\t\t\t\t\t\t\t<div class=\"elementor-field-group elementor-column elementor-field-type-submit elementor-col-100 e-form__buttons\">\n\t\t\t\t\t<button class=\"elementor-button elementor-size-sm\" type=\"submit\">\n\t\t\t\t\t\t<span class=\"elementor-button-content-wrapper\">\n\t\t\t\t\t\t\t\t\t\t\t\t\t\t\t\t\t\t\t\t\t\t<span class=\"elementor-button-text\">Richiedi<\/span>\n\t\t\t\t\t\t\t\t\t\t\t\t\t<\/span>\n\t\t\t\t\t<\/button>\n\t\t\t\t<\/div>\n\t\t\t<\/div>\n\t\t<\/form>\n\t\t\t\t\t\t<\/div>\n\t\t\t\t<\/div>\n\t\t\t\t<div class=\"elementor-element elementor-element-c6d1277 elementor-widget elementor-widget-text-editor\" data-id=\"c6d1277\" data-element_type=\"widget\" data-e-type=\"widget\" data-widget_type=\"text-editor.default\">\n\t\t\t\t<div class=\"elementor-widget-container\">\n\t\t\t\t\t\t\t\t\t<p><strong>Ricorda<\/strong><br \/>Non inviamo newsletter, n\u00e9 comunicazioni promozionali.<br data-start=\"1896\" data-end=\"1899\" \/>Riceverai una mail esclusivamente quando il tuo accesso sar\u00e0 abilitato.<\/p>\t\t\t\t\t\t\t\t<\/div>\n\t\t\t\t<\/div>\n\t\t\t\t<\/div>\n\t\t\t\t<\/div>\n\t\t\t\t<\/div>\n\t\t<div class=\"elementor-element elementor-element-fe751ac e-flex e-con-boxed e-con e-child\" data-id=\"fe751ac\" data-element_type=\"container\" data-e-type=\"container\">\n\t\t\t\t\t<div class=\"e-con-inner\">\n\t\t\t\t\t<\/div>\n\t\t\t\t<\/div>\n\t\t\t\t<\/div>\n\t\t\t\t\t<\/div>\n\t\t\t\t<\/div>\n\t\t\t\t<\/div>\n\t\t","protected":false},"excerpt":{"rendered":"<p>aspettiamo te! Accesso Android a City Report Stiamo abilitando l\u2019accesso all\u2019app Android in modo progressivo e graduale, per garantire qualit\u00e0 e affidabilit\u00e0 del servizio. City Report \u00e8 un servizio gratuito e indipendente che permette ai cittadini di: inviare segnalazioni ai Comuni nel modo corretto e senza complicazioni sapere se una segnalazione \u00e8 stata presa in [&hellip;]<\/p>\n","protected":false},"author":1,"featured_media":0,"parent":0,"menu_order":0,"comment_status":"closed","ping_status":"closed","template":"elementor_canvas","meta":{"site-sidebar-layout":"default","site-content-layout":"","ast-site-content-layout":"default","site-content-style":"default","site-sidebar-style":"default","ast-global-header-display":"","ast-banner-title-visibility":"","ast-main-header-display":"","ast-hfb-above-header-display":"","ast-hfb-below-header-display":"","ast-hfb-mobile-header-display":"","site-post-title":"","ast-breadcrumbs-content":"","ast-featured-img":"","footer-sml-layout":"","ast-disable-related-posts":"","theme-transparent-header-meta":"","adv-header-id-meta":"","stick-header-meta":"","header-above-stick-meta":"","header-main-stick-meta":"","header-below-stick-meta":"","astra-migrate-meta-layouts":"default","ast-page-background-enabled":"default","ast-page-background-meta":{"desktop":{"background-color":"var(--ast-global-color-4)","background-image":"","background-repeat":"repeat","background-position":"center center","background-size":"auto","background-attachment":"scroll","background-type":"","background-media":"","overlay-type":"","overlay-color":"","overlay-opacity":"","overlay-gradient":""},"tablet":{"background-color":"","background-image":"","background-repeat":"repeat","background-position":"center center","background-size":"auto","background-attachment":"scroll","background-type":"","background-media":"","overlay-type":"","overlay-color":"","overlay-opacity":"","overlay-gradient":""},"mobile":{"background-color":"","background-image":"","background-repeat":"repeat","background-position":"center center","background-size":"auto","background-attachment":"scroll","background-type":"","background-media":"","overlay-type":"","overlay-color":"","overlay-opacity":"","overlay-gradient":""}},"ast-content-background-meta":{"desktop":{"background-color":"var(--ast-global-color-5)","background-image":"","background-repeat":"repeat","background-position":"center center","background-size":"auto","background-attachment":"scroll","background-type":"","background-media":"","overlay-type":"","overlay-color":"","overlay-opacity":"","overlay-gradient":""},"tablet":{"background-color":"var(--ast-global-color-5)","background-image":"","background-repeat":"repeat","background-position":"center center","background-size":"auto","background-attachment":"scroll","background-type":"","background-media":"","overlay-type":"","overlay-color":"","overlay-opacity":"","overlay-gradient":""},"mobile":{"background-color":"var(--ast-global-color-5)","background-image":"","background-repeat":"repeat","background-position":"center center","background-size":"auto","background-attachment":"scroll","background-type":"","background-media":"","overlay-type":"","overlay-color":"","overlay-opacity":"","overlay-gradient":""}},"footnotes":""},"class_list":["post-2182","page","type-page","status-publish","hentry"],"_links":{"self":[{"href":"https:\/\/cityreport.info\/it\/wp-json\/wp\/v2\/pages\/2182","targetHints":{"allow":["GET"]}}],"collection":[{"href":"https:\/\/cityreport.info\/it\/wp-json\/wp\/v2\/pages"}],"about":[{"href":"https:\/\/cityreport.info\/it\/wp-json\/wp\/v2\/types\/page"}],"author":[{"embeddable":true,"href":"https:\/\/cityreport.info\/it\/wp-json\/wp\/v2\/users\/1"}],"replies":[{"embeddable":true,"href":"https:\/\/cityreport.info\/it\/wp-json\/wp\/v2\/comments?post=2182"}],"version-history":[{"count":7,"href":"https:\/\/cityreport.info\/it\/wp-json\/wp\/v2\/pages\/2182\/revisions"}],"predecessor-version":[{"id":2191,"href":"https:\/\/cityreport.info\/it\/wp-json\/wp\/v2\/pages\/2182\/revisions\/2191"}],"wp:attachment":[{"href":"https:\/\/cityreport.info\/it\/wp-json\/wp\/v2\/media?parent=2182"}],"curies":[{"name":"wp","href":"https:\/\/api.w.org\/{rel}","templated":true}]}}