{"id":1412,"date":"2022-03-02T09:19:21","date_gmt":"2022-03-02T09:19:21","guid":{"rendered":"https:\/\/cityreport.info\/home\/"},"modified":"2026-01-24T17:26:22","modified_gmt":"2026-01-24T17:26:22","slug":"home-2","status":"publish","type":"page","link":"https:\/\/cityreport.info\/it\/","title":{"rendered":"Home"},"content":{"rendered":"\t\t<div data-elementor-type=\"wp-page\" data-elementor-id=\"1412\" class=\"elementor elementor-1412\" data-elementor-post-type=\"page\">\n\t\t\t\t<div class=\"elementor-element elementor-element-21314c5 e-flex e-con-boxed e-con e-parent\" data-id=\"21314c5\" data-element_type=\"container\" data-e-type=\"container\" data-settings=\"{&quot;background_background&quot;:&quot;classic&quot;}\">\n\t\t\t\t\t<div class=\"e-con-inner\">\n\t\t<div class=\"elementor-element elementor-element-e8694c7 e-con-full e-flex e-con e-child\" data-id=\"e8694c7\" data-element_type=\"container\" data-e-type=\"container\">\n\t\t\t\t<div class=\"elementor-element elementor-element-e54df45 elementor-widget elementor-widget-heading\" data-id=\"e54df45\" data-element_type=\"widget\" data-e-type=\"widget\" data-widget_type=\"heading.default\">\n\t\t\t\t<div class=\"elementor-widget-container\">\n\t\t\t\t\t<h6 class=\"elementor-heading-title elementor-size-default\">Segnala. Invia.  Condividi.<\/h6>\t\t\t\t<\/div>\n\t\t\t\t<\/div>\n\t\t\t\t<div class=\"elementor-element elementor-element-cffcb38 elementor-widget elementor-widget-heading\" data-id=\"cffcb38\" data-element_type=\"widget\" data-e-type=\"widget\" data-widget_type=\"heading.default\">\n\t\t\t\t<div class=\"elementor-widget-container\">\n\t\t\t\t\t<h1 class=\"elementor-heading-title elementor-size-default\">Rendi la tua citt\u00e0 un posto migliore con un semplice tap!<\/h1>\t\t\t\t<\/div>\n\t\t\t\t<\/div>\n\t\t\t\t<div class=\"elementor-element elementor-element-605eb49 elementor-widget elementor-widget-text-editor\" data-id=\"605eb49\" data-element_type=\"widget\" data-e-type=\"widget\" data-widget_type=\"text-editor.default\">\n\t\t\t\t<div class=\"elementor-widget-container\">\n\t\t\t\t\t\t\t\t\t<p>City Report \u00e8 la tua piattaforma per segnalare problemi locali direttamente al comune, da buche stradali a illuminazione difettosa, ovunque nel mondo.<\/p>\t\t\t\t\t\t\t\t<\/div>\n\t\t\t\t<\/div>\n\t\t<div class=\"elementor-element elementor-element-332e5b3 e-con-full e-flex e-con e-child\" data-id=\"332e5b3\" data-element_type=\"container\" data-e-type=\"container\">\n\t\t<a class=\"elementor-element elementor-element-0093a6a e-con-full e-flex e-con e-child\" data-id=\"0093a6a\" data-element_type=\"container\" data-e-type=\"container\" href=\"https:\/\/cityreport.info\/it\/accesso-android\/\" target=\"_blank\">\n\t\t\t\t<div class=\"elementor-element elementor-element-4d2d435 elementor-widget elementor-widget-image\" data-id=\"4d2d435\" data-element_type=\"widget\" data-e-type=\"widget\" data-widget_type=\"image.default\">\n\t\t\t\t<div class=\"elementor-widget-container\">\n\t\t\t\t\t\t\t\t\t\t\t\t\t\t\t<img decoding=\"async\" src=\"https:\/\/cityreport.info\/wp-content\/uploads\/elementor\/thumbs\/google-play-badge-qmls5azm9ljllm15ufrdcfcsavbua419qec6a0ecqo.png\" title=\"google-play-badge\" alt=\"google-play-badge\" loading=\"lazy\" \/>\t\t\t\t\t\t\t\t\t\t\t\t\t\t\t<\/div>\n\t\t\t\t<\/div>\n\t\t\t\t<\/a>\n\t\t<a class=\"elementor-element elementor-element-816efea e-con-full e-flex e-con e-child\" data-id=\"816efea\" data-element_type=\"container\" data-e-type=\"container\" href=\"https:\/\/apps.apple.com\/us\/app\/city-report\/id6744970201\" target=\"_blank\" rel=\"nofollow\">\n\t\t\t\t<div class=\"elementor-element elementor-element-7a8db6d elementor-widget elementor-widget-image\" data-id=\"7a8db6d\" data-element_type=\"widget\" data-e-type=\"widget\" data-widget_type=\"image.default\">\n\t\t\t\t<div class=\"elementor-widget-container\">\n\t\t\t\t\t\t\t\t\t\t\t\t\t\t\t<img decoding=\"async\" width=\"119\" height=\"40\" src=\"https:\/\/cityreport.info\/wp-content\/uploads\/2024\/04\/Download_on_the_App_Store_Badge_IT_RGB_blk_100317.svg\" class=\"attachment-full size-full wp-image-1423\" alt=\"\" \/>\t\t\t\t\t\t\t\t\t\t\t\t\t\t\t<\/div>\n\t\t\t\t<\/div>\n\t\t\t\t<\/a>\n\t\t\t\t<\/div>\n\t\t\t\t<\/div>\n\t\t<div class=\"elementor-element elementor-element-ff7553b e-con-full e-flex e-con e-child\" data-id=\"ff7553b\" data-element_type=\"container\" data-e-type=\"container\">\n\t\t\t\t<div class=\"elementor-element elementor-element-3853849 elementor-widget-mobile__width-inherit elementor-widget elementor-widget-image\" data-id=\"3853849\" data-element_type=\"widget\" data-e-type=\"widget\" data-widget_type=\"image.default\">\n\t\t\t\t<div class=\"elementor-widget-container\">\n\t\t\t\t\t\t\t\t\t\t\t\t\t\t\t<img decoding=\"async\" src=\"https:\/\/cityreport.info\/wp-content\/uploads\/elementor\/thumbs\/0145d9d6-416d-48fd-a9a1-8519e0e91e8b-qmluvl04u05fkjbah956flstzhybtc39lim1ru1se8.webp\" title=\"0145d9d6-416d-48fd-a9a1-8519e0e91e8b\" alt=\"0145d9d6-416d-48fd-a9a1-8519e0e91e8b\" loading=\"lazy\" \/>\t\t\t\t\t\t\t\t\t\t\t\t\t\t\t<\/div>\n\t\t\t\t<\/div>\n\t\t\t\t<div class=\"elementor-element elementor-element-ac415ed elementor-absolute elementor-widget__width-inherit elementor-widget-tablet__width-inherit elementor-widget-mobile__width-inherit elementor-widget elementor-widget-image\" data-id=\"ac415ed\" data-element_type=\"widget\" data-e-type=\"widget\" data-settings=\"{&quot;_position&quot;:&quot;absolute&quot;}\" data-widget_type=\"image.default\">\n\t\t\t\t<div class=\"elementor-widget-container\">\n\t\t\t\t\t\t\t\t\t\t\t\t\t\t\t<img decoding=\"async\" src=\"https:\/\/cityreport.info\/wp-content\/uploads\/elementor\/thumbs\/panchina-qmlvc6thkmuxzn6i0bj7or6z7sfgw01rzha3ydmz28.webp\" title=\"panchina\" alt=\"panchina\" loading=\"lazy\" \/>\t\t\t\t\t\t\t\t\t\t\t\t\t\t\t<\/div>\n\t\t\t\t<\/div>\n\t\t\t\t<\/div>\n\t\t\t\t\t<\/div>\n\t\t\t\t<\/div>\n\t\t<div class=\"elementor-element elementor-element-ebad957 e-flex e-con-boxed e-con e-parent\" data-id=\"ebad957\" data-element_type=\"container\" data-e-type=\"container\">\n\t\t\t\t\t<div class=\"e-con-inner\">\n\t\t<div class=\"elementor-element elementor-element-190216c e-con-full e-flex e-con e-child\" data-id=\"190216c\" data-element_type=\"container\" data-e-type=\"container\">\n\t\t\t\t<div class=\"elementor-element elementor-element-5376154 elementor-widget elementor-widget-image\" data-id=\"5376154\" data-element_type=\"widget\" data-e-type=\"widget\" data-widget_type=\"image.default\">\n\t\t\t\t<div class=\"elementor-widget-container\">\n\t\t\t\t\t\t\t\t\t\t\t\t\t\t\t<img fetchpriority=\"high\" decoding=\"async\" width=\"1024\" height=\"1024\" src=\"https:\/\/cityreport.info\/wp-content\/uploads\/2024\/04\/aboutus.webp\" class=\"attachment-full size-full wp-image-1433\" alt=\"\" srcset=\"https:\/\/cityreport.info\/wp-content\/uploads\/2024\/04\/aboutus.webp 1024w, https:\/\/cityreport.info\/wp-content\/uploads\/2024\/04\/aboutus-300x300.webp 300w, https:\/\/cityreport.info\/wp-content\/uploads\/2024\/04\/aboutus-150x150.webp 150w, https:\/\/cityreport.info\/wp-content\/uploads\/2024\/04\/aboutus-768x768.webp 768w\" sizes=\"(max-width: 1024px) 100vw, 1024px\" \/>\t\t\t\t\t\t\t\t\t\t\t\t\t\t\t<\/div>\n\t\t\t\t<\/div>\n\t\t\t\t<\/div>\n\t\t<div class=\"elementor-element elementor-element-15e88cb e-con-full e-flex e-con e-child\" data-id=\"15e88cb\" data-element_type=\"container\" data-e-type=\"container\">\n\t\t\t\t<div class=\"elementor-element elementor-element-dab8833 elementor-widget elementor-widget-heading\" data-id=\"dab8833\" data-element_type=\"widget\" data-e-type=\"widget\" data-widget_type=\"heading.default\">\n\t\t\t\t<div class=\"elementor-widget-container\">\n\t\t\t\t\t<h6 class=\"elementor-heading-title elementor-size-default\">Su di noi<\/h6>\t\t\t\t<\/div>\n\t\t\t\t<\/div>\n\t\t\t\t<div class=\"elementor-element elementor-element-0378ad9 elementor-widget elementor-widget-heading\" data-id=\"0378ad9\" data-element_type=\"widget\" data-e-type=\"widget\" data-widget_type=\"heading.default\">\n\t\t\t\t<div class=\"elementor-widget-container\">\n\t\t\t\t\t<h2 class=\"elementor-heading-title elementor-size-default\">Innovazione al Servizio della Comunit\u00e0<\/h2>\t\t\t\t<\/div>\n\t\t\t\t<\/div>\n\t\t\t\t<div class=\"elementor-element elementor-element-3bc5fbc elementor-widget elementor-widget-text-editor\" data-id=\"3bc5fbc\" data-element_type=\"widget\" data-e-type=\"widget\" data-widget_type=\"text-editor.default\">\n\t\t\t\t<div class=\"elementor-widget-container\">\n\t\t\t\t\t\t\t\t\t<p>City Report nasce dalla volont\u00e0 di creare un ponte diretto tra i cittadini e le loro citt\u00e0. La nostra missione \u00e8 semplice: offrire a tutti la possibilit\u00e0 di contribuire attivamente al miglioramento del proprio ambiente urbano. <br \/><br \/>Con City Report, ogni segnalazione diventa un&#8217;opportunit\u00e0 per fare la differenza, migliorando la qualit\u00e0 della vita comune grazie a una soluzione tecnologica semplice ed efficace.<\/p>\t\t\t\t\t\t\t\t<\/div>\n\t\t\t\t<\/div>\n\t\t\t\t<\/div>\n\t\t\t\t\t<\/div>\n\t\t\t\t<\/div>\n\t\t<div class=\"elementor-element elementor-element-6e1e415 e-flex e-con-boxed e-con e-parent\" data-id=\"6e1e415\" data-element_type=\"container\" data-e-type=\"container\">\n\t\t\t\t\t<div class=\"e-con-inner\">\n\t\t\t\t<div class=\"elementor-element elementor-element-7c960d7 elementor-widget elementor-widget-heading\" data-id=\"7c960d7\" data-element_type=\"widget\" data-e-type=\"widget\" data-widget_type=\"heading.default\">\n\t\t\t\t<div class=\"elementor-widget-container\">\n\t\t\t\t\t<h3 class=\"elementor-heading-title elementor-size-default\">Cerchiamo 50 tester per la nostra app, unisciti a noi!<\/h3>\t\t\t\t<\/div>\n\t\t\t\t<\/div>\n\t\t<div class=\"elementor-element elementor-element-5f6896c e-grid e-con-full e-con e-child\" data-id=\"5f6896c\" data-element_type=\"container\" data-e-type=\"container\">\n\t\t\t\t<div class=\"elementor-element elementor-element-261e28a elementor-widget elementor-widget-text-editor\" data-id=\"261e28a\" data-element_type=\"widget\" data-e-type=\"widget\" data-widget_type=\"text-editor.default\">\n\t\t\t\t<div class=\"elementor-widget-container\">\n\t\t\t\t\t\t\t\t\t<strong>Sei un utente Android? <a href=\"https:\/\/cityreport.info\/it\/tester-android\/\" target=\"_blank\">CLICCA QUI<\/a>!<\/strong>\t\t\t\t\t\t\t\t<\/div>\n\t\t\t\t<\/div>\n\t\t\t\t<div class=\"elementor-element elementor-element-0d9074e elementor-widget elementor-widget-text-editor\" data-id=\"0d9074e\" data-element_type=\"widget\" data-e-type=\"widget\" data-widget_type=\"text-editor.default\">\n\t\t\t\t<div class=\"elementor-widget-container\">\n\t\t\t\t\t\t\t\t\t<strong>Sei un utente iPhone? <a href=\"https:\/\/cityreport.info\/it\/tester-ios\/\" target=\"_blank\">CLICCA QUI<\/a>!<\/strong>\t\t\t\t\t\t\t\t<\/div>\n\t\t\t\t<\/div>\n\t\t\t\t<\/div>\n\t\t\t\t\t<\/div>\n\t\t\t\t<\/div>\n\t\t<div class=\"elementor-element elementor-element-0fb795a e-flex e-con-boxed e-con e-parent\" data-id=\"0fb795a\" data-element_type=\"container\" data-e-type=\"container\" data-settings=\"{&quot;background_background&quot;:&quot;classic&quot;}\">\n\t\t\t\t\t<div class=\"e-con-inner\">\n\t\t<div class=\"elementor-element elementor-element-bd43989 e-con-full e-flex e-con e-child\" data-id=\"bd43989\" data-element_type=\"container\" data-e-type=\"container\">\n\t\t\t\t<div class=\"elementor-element elementor-element-dc28f4d elementor-widget elementor-widget-heading\" data-id=\"dc28f4d\" data-element_type=\"widget\" data-e-type=\"widget\" data-widget_type=\"heading.default\">\n\t\t\t\t<div class=\"elementor-widget-container\">\n\t\t\t\t\t<h6 class=\"elementor-heading-title elementor-size-default\">Semplice e veloce<\/h6>\t\t\t\t<\/div>\n\t\t\t\t<\/div>\n\t\t\t\t<div class=\"elementor-element elementor-element-03d170c elementor-widget elementor-widget-heading\" data-id=\"03d170c\" data-element_type=\"widget\" data-e-type=\"widget\" data-widget_type=\"heading.default\">\n\t\t\t\t<div class=\"elementor-widget-container\">\n\t\t\t\t\t<h2 class=\"elementor-heading-title elementor-size-default\">Come Usare City Report in 3 Semplici Passi<\/h2>\t\t\t\t<\/div>\n\t\t\t\t<\/div>\n\t\t<div class=\"elementor-element elementor-element-e6ffb07 e-flex e-con-boxed e-con e-child\" data-id=\"e6ffb07\" data-element_type=\"container\" data-e-type=\"container\">\n\t\t\t\t\t<div class=\"e-con-inner\">\n\t\t<div class=\"elementor-element elementor-element-131c75e e-con-full e-flex e-con e-child\" data-id=\"131c75e\" data-element_type=\"container\" data-e-type=\"container\" data-settings=\"{&quot;background_background&quot;:&quot;classic&quot;}\">\n\t\t\t\t<div class=\"elementor-element elementor-element-4132f76 elementor-widget elementor-widget-image\" data-id=\"4132f76\" data-element_type=\"widget\" data-e-type=\"widget\" data-widget_type=\"image.default\">\n\t\t\t\t<div class=\"elementor-widget-container\">\n\t\t\t\t\t\t\t\t\t\t\t\t\t\t\t<img decoding=\"async\" width=\"1024\" height=\"1024\" src=\"https:\/\/cityreport.info\/wp-content\/uploads\/2024\/04\/step1.webp\" class=\"attachment-full size-full wp-image-1443\" alt=\"\" srcset=\"https:\/\/cityreport.info\/wp-content\/uploads\/2024\/04\/step1.webp 1024w, https:\/\/cityreport.info\/wp-content\/uploads\/2024\/04\/step1-300x300.webp 300w, https:\/\/cityreport.info\/wp-content\/uploads\/2024\/04\/step1-150x150.webp 150w, https:\/\/cityreport.info\/wp-content\/uploads\/2024\/04\/step1-768x768.webp 768w\" sizes=\"(max-width: 1024px) 100vw, 1024px\" \/>\t\t\t\t\t\t\t\t\t\t\t\t\t\t\t<\/div>\n\t\t\t\t<\/div>\n\t\t\t\t<div class=\"elementor-element elementor-element-45839a2 elementor-vertical-align-top elementor-widget elementor-widget-image-box\" data-id=\"45839a2\" data-element_type=\"widget\" data-e-type=\"widget\" data-widget_type=\"image-box.default\">\n\t\t\t\t<div class=\"elementor-widget-container\">\n\t\t\t\t\t<div class=\"elementor-image-box-wrapper\"><div class=\"elementor-image-box-content\"><h4 class=\"elementor-image-box-title\">1 - Segnala ed invia<\/h4><p class=\"elementor-image-box-description\">Fai una foto del problema, descrivilo brevemente e invia la segnalazione direttamente al comune con un solo tap. Facile, veloce, efficace.<\/p><\/div><\/div>\t\t\t\t<\/div>\n\t\t\t\t<\/div>\n\t\t\t\t<\/div>\n\t\t<div class=\"elementor-element elementor-element-a42014d e-con-full e-flex e-con e-child\" data-id=\"a42014d\" data-element_type=\"container\" data-e-type=\"container\" data-settings=\"{&quot;background_background&quot;:&quot;classic&quot;}\">\n\t\t\t\t<div class=\"elementor-element elementor-element-3121f29 elementor-widget elementor-widget-image\" data-id=\"3121f29\" data-element_type=\"widget\" data-e-type=\"widget\" data-widget_type=\"image.default\">\n\t\t\t\t<div class=\"elementor-widget-container\">\n\t\t\t\t\t\t\t\t\t\t\t\t\t\t\t<img loading=\"lazy\" decoding=\"async\" width=\"1024\" height=\"1024\" src=\"https:\/\/cityreport.info\/wp-content\/uploads\/2024\/04\/step2.webp\" class=\"attachment-full size-full wp-image-1442\" alt=\"\" srcset=\"https:\/\/cityreport.info\/wp-content\/uploads\/2024\/04\/step2.webp 1024w, https:\/\/cityreport.info\/wp-content\/uploads\/2024\/04\/step2-300x300.webp 300w, https:\/\/cityreport.info\/wp-content\/uploads\/2024\/04\/step2-150x150.webp 150w, https:\/\/cityreport.info\/wp-content\/uploads\/2024\/04\/step2-768x768.webp 768w\" sizes=\"(max-width: 1024px) 100vw, 1024px\" \/>\t\t\t\t\t\t\t\t\t\t\t\t\t\t\t<\/div>\n\t\t\t\t<\/div>\n\t\t\t\t<div class=\"elementor-element elementor-element-58fa6f9 elementor-vertical-align-top elementor-widget elementor-widget-image-box\" data-id=\"58fa6f9\" data-element_type=\"widget\" data-e-type=\"widget\" data-widget_type=\"image-box.default\">\n\t\t\t\t<div class=\"elementor-widget-container\">\n\t\t\t\t\t<div class=\"elementor-image-box-wrapper\"><div class=\"elementor-image-box-content\"><h4 class=\"elementor-image-box-title\">2 - Diffondi la voce<\/h4><p class=\"elementor-image-box-description\">Condividi la tua segnalazione sui social media per aumentare la visibilit\u00e0 e incoraggiare altri cittadini a fare lo stesso. Pi\u00f9 siamo, pi\u00f9 forza abbiamo.<\/p><\/div><\/div>\t\t\t\t<\/div>\n\t\t\t\t<\/div>\n\t\t\t\t<\/div>\n\t\t<div class=\"elementor-element elementor-element-075ab3c e-con-full e-flex e-con e-child\" data-id=\"075ab3c\" data-element_type=\"container\" data-e-type=\"container\" data-settings=\"{&quot;background_background&quot;:&quot;classic&quot;}\">\n\t\t\t\t<div class=\"elementor-element elementor-element-6fbab77 elementor-widget elementor-widget-image\" data-id=\"6fbab77\" data-element_type=\"widget\" data-e-type=\"widget\" data-widget_type=\"image.default\">\n\t\t\t\t<div class=\"elementor-widget-container\">\n\t\t\t\t\t\t\t\t\t\t\t\t\t\t\t<img loading=\"lazy\" decoding=\"async\" width=\"1024\" height=\"1024\" src=\"https:\/\/cityreport.info\/wp-content\/uploads\/2024\/04\/step3.webp\" class=\"attachment-full size-full wp-image-1441\" alt=\"\" srcset=\"https:\/\/cityreport.info\/wp-content\/uploads\/2024\/04\/step3.webp 1024w, https:\/\/cityreport.info\/wp-content\/uploads\/2024\/04\/step3-300x300.webp 300w, https:\/\/cityreport.info\/wp-content\/uploads\/2024\/04\/step3-150x150.webp 150w, https:\/\/cityreport.info\/wp-content\/uploads\/2024\/04\/step3-768x768.webp 768w\" sizes=\"(max-width: 1024px) 100vw, 1024px\" \/>\t\t\t\t\t\t\t\t\t\t\t\t\t\t\t<\/div>\n\t\t\t\t<\/div>\n\t\t\t\t<div class=\"elementor-element elementor-element-c9038d4 elementor-vertical-align-top elementor-widget elementor-widget-image-box\" data-id=\"c9038d4\" data-element_type=\"widget\" data-e-type=\"widget\" data-widget_type=\"image-box.default\">\n\t\t\t\t<div class=\"elementor-widget-container\">\n\t\t\t\t\t<div class=\"elementor-image-box-wrapper\"><div class=\"elementor-image-box-content\"><h4 class=\"elementor-image-box-title\">3 - Resta aggiornato<\/h4><p class=\"elementor-image-box-description\">Segui lo stato della tua segnalazione e resta informato sulle segnalazioni degli altri nei luoghi di tuo interesse. Guarda il cambiamento in atto e sentiti parte della soluzione.<\/p><\/div><\/div>\t\t\t\t<\/div>\n\t\t\t\t<\/div>\n\t\t\t\t<\/div>\n\t\t\t\t\t<\/div>\n\t\t\t\t<\/div>\n\t\t\t\t<\/div>\n\t\t\t\t\t<\/div>\n\t\t\t\t<\/div>\n\t\t<div class=\"elementor-element elementor-element-449451e e-flex e-con-boxed e-con e-parent\" data-id=\"449451e\" data-element_type=\"container\" data-e-type=\"container\" data-settings=\"{&quot;background_background&quot;:&quot;classic&quot;}\">\n\t\t\t\t\t<div class=\"e-con-inner\">\n\t\t<div class=\"elementor-element elementor-element-0d48b79 e-con-full e-flex e-con e-child\" data-id=\"0d48b79\" data-element_type=\"container\" data-e-type=\"container\">\n\t\t\t\t<div class=\"elementor-element elementor-element-304f6cf elementor-widget elementor-widget-heading\" data-id=\"304f6cf\" data-element_type=\"widget\" data-e-type=\"widget\" data-widget_type=\"heading.default\">\n\t\t\t\t<div class=\"elementor-widget-container\">\n\t\t\t\t\t<h1 class=\"elementor-heading-title elementor-size-default\">Inizia a fare la differenza oggi!<\/h1>\t\t\t\t<\/div>\n\t\t\t\t<\/div>\n\t\t\t\t<div class=\"elementor-element elementor-element-c5503ff elementor-widget elementor-widget-heading\" data-id=\"c5503ff\" data-element_type=\"widget\" data-e-type=\"widget\" data-widget_type=\"heading.default\">\n\t\t\t\t<div class=\"elementor-widget-container\">\n\t\t\t\t\t<p class=\"elementor-heading-title elementor-size-default\">Scarica City Report e trasforma le tue segnalazioni in azioni concrete per migliorare la tua citt\u00e0. Unisciti alla nostra comunit\u00e0 di cittadini attivi e vedi il cambiamento in tempo reale. \u00c8 facile, \u00e8 veloce, \u00e8 per tutti.<\/p>\t\t\t\t<\/div>\n\t\t\t\t<\/div>\n\t\t<a class=\"elementor-element elementor-element-fc681b0 e-con-full e-flex e-con e-child\" data-id=\"fc681b0\" data-element_type=\"container\" data-e-type=\"container\" href=\"https:\/\/cityreport.info\/it\/accesso-android\/\" target=\"_blank\">\n\t\t\t\t<div class=\"elementor-element elementor-element-a202342 elementor-widget elementor-widget-image\" data-id=\"a202342\" data-element_type=\"widget\" data-e-type=\"widget\" data-widget_type=\"image.default\">\n\t\t\t\t<div class=\"elementor-widget-container\">\n\t\t\t\t\t\t\t\t\t\t\t\t\t\t\t<img decoding=\"async\" src=\"https:\/\/cityreport.info\/wp-content\/uploads\/elementor\/thumbs\/google-play-badge-qmls5azm9ljllm15ufrdcfcsavbua419qec6a0ecqo.png\" title=\"google-play-badge\" alt=\"google-play-badge\" loading=\"lazy\" \/>\t\t\t\t\t\t\t\t\t\t\t\t\t\t\t<\/div>\n\t\t\t\t<\/div>\n\t\t\t\t<\/a>\n\t\t<a class=\"elementor-element elementor-element-392aa82 e-con-full e-flex e-con e-child\" data-id=\"392aa82\" data-element_type=\"container\" data-e-type=\"container\" href=\"https:\/\/apps.apple.com\/us\/app\/city-report\/id6744970201\" target=\"_blank\" rel=\"nofollow\">\n\t\t\t\t<div class=\"elementor-element elementor-element-93608fd elementor-widget elementor-widget-image\" data-id=\"93608fd\" data-element_type=\"widget\" data-e-type=\"widget\" data-widget_type=\"image.default\">\n\t\t\t\t<div class=\"elementor-widget-container\">\n\t\t\t\t\t\t\t\t\t\t\t\t\t\t\t<img loading=\"lazy\" decoding=\"async\" width=\"119\" height=\"40\" src=\"https:\/\/cityreport.info\/wp-content\/uploads\/2024\/04\/Download_on_the_App_Store_Badge_IT_RGB_blk_100317.svg\" class=\"attachment-large size-large wp-image-1423\" alt=\"\" \/>\t\t\t\t\t\t\t\t\t\t\t\t\t\t\t<\/div>\n\t\t\t\t<\/div>\n\t\t\t\t<\/a>\n\t\t\t\t<\/div>\n\t\t\t\t\t<\/div>\n\t\t\t\t<\/div>\n\t\t<div class=\"elementor-element elementor-element-b230927 e-flex e-con-boxed e-con e-parent\" data-id=\"b230927\" data-element_type=\"container\" data-e-type=\"container\">\n\t\t\t\t\t<div class=\"e-con-inner\">\n\t\t\t\t\t<\/div>\n\t\t\t\t<\/div>\n\t\t\t\t<\/div>\n\t\t","protected":false},"excerpt":{"rendered":"<p>Segnala. Invia. Condividi. Rendi la tua citt\u00e0 un posto migliore con un semplice tap! City Report \u00e8 la tua piattaforma per segnalare problemi locali direttamente al comune, da buche stradali a illuminazione difettosa, ovunque nel mondo. Su di noi Innovazione al Servizio della Comunit\u00e0 City Report nasce dalla volont\u00e0 di creare un ponte diretto tra [&hellip;]<\/p>\n","protected":false},"author":1,"featured_media":0,"parent":0,"menu_order":0,"comment_status":"closed","ping_status":"closed","template":"","meta":{"site-sidebar-layout":"no-sidebar","site-content-layout":"page-builder","ast-site-content-layout":"default","site-content-style":"default","site-sidebar-style":"default","ast-global-header-display":"","ast-banner-title-visibility":"","ast-main-header-display":"","ast-hfb-above-header-display":"","ast-hfb-below-header-display":"","ast-hfb-mobile-header-display":"","site-post-title":"disabled","ast-breadcrumbs-content":"","ast-featured-img":"disabled","footer-sml-layout":"","ast-disable-related-posts":"","theme-transparent-header-meta":"enabled","adv-header-id-meta":"","stick-header-meta":"","header-above-stick-meta":"","header-main-stick-meta":"","header-below-stick-meta":"","astra-migrate-meta-layouts":"default","ast-page-background-enabled":"default","ast-page-background-meta":{"desktop":{"background-color":"var(--ast-global-color-4)","background-image":"","background-repeat":"repeat","background-position":"center center","background-size":"auto","background-attachment":"scroll","background-type":"","background-media":"","overlay-type":"","overlay-color":"","overlay-opacity":"","overlay-gradient":""},"tablet":{"background-color":"","background-image":"","background-repeat":"repeat","background-position":"center center","background-size":"auto","background-attachment":"scroll","background-type":"","background-media":"","overlay-type":"","overlay-color":"","overlay-opacity":"","overlay-gradient":""},"mobile":{"background-color":"","background-image":"","background-repeat":"repeat","background-position":"center center","background-size":"auto","background-attachment":"scroll","background-type":"","background-media":"","overlay-type":"","overlay-color":"","overlay-opacity":"","overlay-gradient":""}},"ast-content-background-meta":{"desktop":{"background-color":"var(--ast-global-color-5)","background-image":"","background-repeat":"repeat","background-position":"center center","background-size":"auto","background-attachment":"scroll","background-type":"","background-media":"","overlay-type":"","overlay-color":"","overlay-opacity":"","overlay-gradient":""},"tablet":{"background-color":"var(--ast-global-color-5)","background-image":"","background-repeat":"repeat","background-position":"center center","background-size":"auto","background-attachment":"scroll","background-type":"","background-media":"","overlay-type":"","overlay-color":"","overlay-opacity":"","overlay-gradient":""},"mobile":{"background-color":"var(--ast-global-color-5)","background-image":"","background-repeat":"repeat","background-position":"center center","background-size":"auto","background-attachment":"scroll","background-type":"","background-media":"","overlay-type":"","overlay-color":"","overlay-opacity":"","overlay-gradient":""}},"footnotes":""},"class_list":["post-1412","page","type-page","status-publish","hentry"],"_links":{"self":[{"href":"https:\/\/cityreport.info\/it\/wp-json\/wp\/v2\/pages\/1412","targetHints":{"allow":["GET"]}}],"collection":[{"href":"https:\/\/cityreport.info\/it\/wp-json\/wp\/v2\/pages"}],"about":[{"href":"https:\/\/cityreport.info\/it\/wp-json\/wp\/v2\/types\/page"}],"author":[{"embeddable":true,"href":"https:\/\/cityreport.info\/it\/wp-json\/wp\/v2\/users\/1"}],"replies":[{"embeddable":true,"href":"https:\/\/cityreport.info\/it\/wp-json\/wp\/v2\/comments?post=1412"}],"version-history":[{"count":56,"href":"https:\/\/cityreport.info\/it\/wp-json\/wp\/v2\/pages\/1412\/revisions"}],"predecessor-version":[{"id":2204,"href":"https:\/\/cityreport.info\/it\/wp-json\/wp\/v2\/pages\/1412\/revisions\/2204"}],"wp:attachment":[{"href":"https:\/\/cityreport.info\/it\/wp-json\/wp\/v2\/media?parent=1412"}],"curies":[{"name":"wp","href":"https:\/\/api.w.org\/{rel}","templated":true}]}}